{"id":4,"date":"2016-04-03T18:37:32","date_gmt":"2016-04-03T18:37:32","guid":{"rendered":"https:\/\/hilandonubes.com\/blog\/?page_id=4"},"modified":"2019-06-23T12:46:18","modified_gmt":"2019-06-23T10:46:18","slug":"sobre-mi","status":"publish","type":"page","link":"https:\/\/hilandonubes.com\/blog\/sobre-mi\/","title":{"rendered":"Sobre mi"},"content":{"rendered":"<p align=\"JUSTIFY\">Hola, me llamo May&#8230;<\/p>\n<p align=\"JUSTIFY\">En abril del 2011 comenc\u00e9 mi aventura bloguera publicando recetas de cocina en un blog al que puse de nombre <strong>Jugo de Lim\u00f3n<\/strong>, m\u00e1s tarde, decid\u00ed ampliar el contenido, no solo cocina, contaba mis viajes, mis visitas, manualidades que iba elaborando en mi tiempo libre, un poco de arte, etc<br \/>\nA esta nueva aventura la llam\u00e9 <strong>Las Cosas de May<\/strong>&#8230;<\/p>\n<p align=\"JUSTIFY\">En 2013 decid\u00ed cambiar muchas cosas y dar un nuevo rumbo a mi vida, lo que hizo que dejara aparcada por unos a\u00f1os mi aventura bloguera&#8230; De nuevo en este mundo y con la misma fuerza e ilusi\u00f3n que cuando empec\u00e9, he creado dos espacios nuevos donde plasmar todas mis experiencias viajeras, las recetas que preparo, diy, fotograf\u00edas y todas las cosas chulas que me inspiran:<\/p>\n<h3 style=\"text-align: center;\" align=\"JUSTIFY\"><a href=\"https:\/\/hilandonubes.com\/blog\" target=\"_blank\" rel=\"noopener noreferrer\">Hilandonubes<\/a><\/h3>\n<h3 style=\"text-align: center;\" align=\"JUSTIFY\"><a href=\"http:\/\/entrehuesosdecereza.com\/es\" target=\"_blank\" rel=\"noopener noreferrer\">Entre huesos de cereza<\/a><\/h3>\n<p align=\"JUSTIFY\">Me considero una mente inquieta en busca de inspiraci\u00f3n constante. Disfruto mucho recorriendo el mundo y conociendo otros lugares. Aficionada a la fotograf\u00eda, me encanta compartir deliciosos platos en mi cocina con la gente que quiero.<\/p>\n<p align=\"JUSTIFY\">Pr\u00f3ximamente publicar\u00e9 una secci\u00f3n de <em>Preguntas Frecuentes<\/em> por si tienes m\u00e1s curiosidades. Deja un comentario o escr\u00edbeme un email prometo contestar:<\/p>\n<p style=\"text-align: center;\" align=\"JUSTIFY\">\u00a0<a href=\"mailto:info@hilandonubes.com\">info@hilandonubes.com<\/a><\/p>\n<p align=\"JUSTIFY\">Espero que pases un rato entretenido y verte de nuevo muy pronto por aqu\u00ed!!!<\/p>\n","protected":false},"excerpt":{"rendered":"<p>Hola, me llamo May&#8230; En abril del 2011 comenc\u00e9 mi aventura bloguera publicando recetas de cocina en un blog al que puse de nombre Jugo&hellip;<\/p>\n","protected":false},"author":1,"featured_media":0,"parent":0,"menu_order":0,"comment_status":"closed","ping_status":"closed","template":"","meta":{"footnotes":""},"class_list":["post-4","page","type-page","status-publish","hentry"],"_links":{"self":[{"href":"https:\/\/hilandonubes.com\/blog\/wp-json\/wp\/v2\/pages\/4","targetHints":{"allow":["GET"]}}],"collection":[{"href":"https:\/\/hilandonubes.com\/blog\/wp-json\/wp\/v2\/pages"}],"about":[{"href":"https:\/\/hilandonubes.com\/blog\/wp-json\/wp\/v2\/types\/page"}],"author":[{"embeddable":true,"href":"https:\/\/hilandonubes.com\/blog\/wp-json\/wp\/v2\/users\/1"}],"replies":[{"embeddable":true,"href":"https:\/\/hilandonubes.com\/blog\/wp-json\/wp\/v2\/comments?post=4"}],"version-history":[{"count":14,"href":"https:\/\/hilandonubes.com\/blog\/wp-json\/wp\/v2\/pages\/4\/revisions"}],"predecessor-version":[{"id":1556,"href":"https:\/\/hilandonubes.com\/blog\/wp-json\/wp\/v2\/pages\/4\/revisions\/1556"}],"wp:attachment":[{"href":"https:\/\/hilandonubes.com\/blog\/wp-json\/wp\/v2\/media?parent=4"}],"curies":[{"name":"wp","href":"https:\/\/api.w.org\/{rel}","templated":true}]}}